{"id":860,"date":"2021-03-19T15:51:32","date_gmt":"2021-03-19T15:51:32","guid":{"rendered":"https:\/\/arcticlodge.nu\/?page_id=860"},"modified":"2026-02-20T14:44:56","modified_gmt":"2026-02-20T14:44:56","slug":"accommodation-riksgransen","status":"publish","type":"page","link":"https:\/\/arcticlodge.nu\/","title":{"rendered":"Home"},"content":{"rendered":"\n<h2 class=\"wp-block-heading\">Accommodation in Riksgr\u00e4nsen &#8211; Arctic Lodge<\/h2>\n\n\n\n<p>Arctic Lodge &#8211; an accommodation in Riksgr\u00e4nsen &#8211; is an apartment hotel in Riksgr\u00e4nsen Katterjokk, 130 km from Kiruna and 70 km from Narvik. If you travel here by car, you can park it just utside the door. There is also space for snowmobiles. If you travel by train, get off at Katterjokk station, which is about 500 m from Arctic Lodge. In the winter you can put on your skis on the platform and go all the way to the door.<\/p>\n\n\n\n<p>At Actic Lodge you live comfortably in modern apartments for 4-6 people with a kitchen and bathroom. All apartments have a terrace or balcony with a fantastic view of the mountain Vassitj\u00e5kka and the other peaks around, and of course there is both a sauna and WiFi on site.<\/p>\n\n\n\n<p>Arctic Lodge is really close to Riksgr\u00e4nsen, conveniently located near both Katterjokk train station and the E10. Just outside the Arctic Lodge there is parking for cars and snowmobiles. You can relax on our cozy terrace after a day in the mountains. 2 km from Arctic Lodge is&nbsp;<a href=\"https:\/\/www.ica.se\/butiker\/oppettider\/riksgransen\/\" target=\"_blank\" rel=\"noreferrer noopener\">ICA Riksgr\u00e4nsen<\/a>, which offers a wide range of food and groceries.<\/p>\n\n\n\n<p><img decoding=\"async\" src=\"https:\/\/arcticlodge.nu\/wp-content\/uploads\/2020\/09\/snoig-AL-300x225.jpg\" alt=\"Accommondation in Riksgr\u00e4nsen -  Arctic Lodge\" style=\"\"><br><img decoding=\"async\" src=\"https:\/\/arcticlodge.nu\/wp-content\/uploads\/2020\/11\/DSC01304-300x169.jpg\" alt=\"Accommondation in Riksgr\u00e4nsen - Arctic Lodge \" style=\"\"><br><img decoding=\"async\" src=\"https:\/\/arcticlodge.nu\/wp-content\/uploads\/2020\/11\/DSC00585-300x200.jpg\" alt=\"Accommondation in Riksgr\u00e4nsen - Arctic Lodge\" style=\"\"><\/p>\n\n\n\n<div class=\"wp-block-columns is-layout-flex wp-container-core-columns-is-layout-1 wp-block-columns-is-layout-flex\">\n<div class=\"wp-block-column is-layout-flow wp-block-column-is-layout-flow\"><\/div>\n\n\n\n<div class=\"wp-block-column is-layout-flow wp-block-column-is-layout-flow\"><\/div>\n\n\n\n<div class=\"wp-block-column is-layout-flow wp-block-column-is-layout-flow\"><\/div>\n<\/div>\n\n\n\n<h2 class=\"wp-block-heading\"><a href=\"https:\/\/arcticlodge.nu\/\">Winter<\/a><\/h2>\n\n\n\n<p>Welcome to one of the most snow-safe areas in the swedish mountains! From Arctic Lodge it is about 5 minutes walk to the Katterjokk lift, which is part of Riksgr\u00e4nsen\u2019s ski system. When you are done for the day you can ski all the way to the door. If you prefer cross-country or touring skis, you can put them on just outside the house and leave. In Soldalen (Vassivagge) and Riksgr\u00e4nsen there are fine groomed trails in fantastic alpine surroundings. Or why not make a day trip to, for example, Katterjaure or north across Lake Vassijaure?<br>Arctic Lodge is located at the foot of Sweden\u2019s best off \u2013 piste mountains. There is something for all wishes and levels \u2013 wide powder slopes with just the right slope, steep gutters and easy-to-ride beginner rides. From here it is also close to the many fantastic peaks around Narvik.<br>If you want to experience the mountains by snowmobile you\u2019re definitely at the right place. The area offers fantastic loose snow riding for those who love speed and adrenaline kicks. There are also plenty of marked snowmobile trails. Why not take a trip up to L\u00e5ktatj\u00e5kko and try their famous waffle, for example?<\/p>\n\n\n\n<h2 class=\"wp-block-heading\"><a href=\"https:\/\/arcticlodge.nu\/\">Summer<\/a><\/h2>\n\n\n\n<p>Between May 24 and mid-July, you can experience the midnight sun with us. When the sun never sets, it is difficult to be indoors and the mountains invite you to activities around the clock. In the summer you can hike, run, cycle and fish, or just take it easy and enjoy our fantastic mountains.<br>From Arctic Lodge, marked trails go to e.g. Katterjaure \/ Unna Allakas, L\u00e5ktatj\u00e5kka and Trollsj\u00f6n. Here also passes Rallarv\u00e4gen, which extends all the way to Rombakksfjorden in the west and Abisko in the east.<\/p>\n","protected":false},"excerpt":{"rendered":"<p>Accommodation in Riksgr\u00e4nsen &#8211; Arctic Lodge Arctic Lodge &#8211; an accommodation in Riksgr\u00e4nsen &#8211; is an apartment hotel in Riksgr\u00e4nsen Katterjokk, 130 km from Kiruna and 70 km from Narvik. If you travel here by car, you can park it just utside the door. There is also space for snowmobiles. If you travel by train, [&hellip;]<\/p>\n","protected":false},"author":2,"featured_media":0,"parent":0,"menu_order":0,"comment_status":"closed","ping_status":"closed","template":"","meta":{"_locale":"en_US","_original_post":"http:\/\/arcticlodge.nu\/?page_id=6","footnotes":""},"class_list":["post-860","page","type-page","status-publish","hentry","en-US"],"yoast_head":"<!-- This site is optimized with the Yoast SEO plugin v27.5 - https:\/\/yoast.com\/product\/yoast-seo-wordpress\/ -->\n<title>Accommodation in Riksgransen - Arctic Lodge is an apartment hotel<\/title>\n<meta name=\"description\" content=\"Accommodation in Riksgransen - Arctic Lodge is an apartment hotel close to hiking trails and 5 minutes walk to the lift of Riksgr\u00e4nsen\u2019s ski system.\" \/>\n<meta name=\"robots\" content=\"index, follow, max-snippet:-1, max-image-preview:large, max-video-preview:-1\" \/>\n<link rel=\"canonical\" href=\"https:\/\/arcticlodge.nu\/\" \/>\n<meta property=\"og:locale\" content=\"en_US\" \/>\n<meta property=\"og:type\" content=\"article\" \/>\n<meta property=\"og:title\" content=\"Accommodation in Riksgransen - Arctic Lodge is an apartment hotel\" \/>\n<meta property=\"og:description\" content=\"Accommodation in Riksgransen - Arctic Lodge is an apartment hotel close to hiking trails and 5 minutes walk to the lift of Riksgr\u00e4nsen\u2019s ski system.\" \/>\n<meta property=\"og:url\" content=\"https:\/\/arcticlodge.nu\/\" \/>\n<meta property=\"og:site_name\" content=\"Arctic Lodge\" \/>\n<meta property=\"article:publisher\" content=\"https:\/\/www.facebook.com\/arcticlodge\" \/>\n<meta property=\"article:modified_time\" content=\"2026-02-20T14:44:56+00:00\" \/>\n<meta property=\"og:image\" content=\"https:\/\/arcticlodge.nu\/wp-content\/uploads\/2020\/09\/snoig-AL-300x225.jpg\" \/>\n<meta name=\"twitter:card\" content=\"summary_large_image\" \/>\n<meta name=\"twitter:label1\" content=\"Est. reading time\" \/>\n\t<meta name=\"twitter:data1\" content=\"4 minutes\" \/>\n<script type=\"application\/ld+json\" class=\"yoast-schema-graph\">{\"@context\":\"https:\\\/\\\/schema.org\",\"@graph\":[{\"@type\":\"WebPage\",\"@id\":\"https:\\\/\\\/arcticlodge.nu\\\/\",\"url\":\"https:\\\/\\\/arcticlodge.nu\\\/\",\"name\":\"Accommodation in Riksgransen - Arctic Lodge is an apartment hotel\",\"isPartOf\":{\"@id\":\"https:\\\/\\\/arcticlodge.nu\\\/#website\"},\"primaryImageOfPage\":{\"@id\":\"https:\\\/\\\/arcticlodge.nu\\\/#primaryimage\"},\"image\":{\"@id\":\"https:\\\/\\\/arcticlodge.nu\\\/#primaryimage\"},\"thumbnailUrl\":\"https:\\\/\\\/arcticlodge.nu\\\/wp-content\\\/uploads\\\/2020\\\/09\\\/snoig-AL-300x225.jpg\",\"datePublished\":\"2021-03-19T15:51:32+00:00\",\"dateModified\":\"2026-02-20T14:44:56+00:00\",\"description\":\"Accommodation in Riksgransen - Arctic Lodge is an apartment hotel close to hiking trails and 5 minutes walk to the lift of Riksgr\u00e4nsen\u2019s ski system.\",\"breadcrumb\":{\"@id\":\"https:\\\/\\\/arcticlodge.nu\\\/#breadcrumb\"},\"inLanguage\":\"en-US\",\"potentialAction\":[{\"@type\":\"ReadAction\",\"target\":[\"https:\\\/\\\/arcticlodge.nu\\\/\"]}]},{\"@type\":\"ImageObject\",\"inLanguage\":\"en-US\",\"@id\":\"https:\\\/\\\/arcticlodge.nu\\\/#primaryimage\",\"url\":\"https:\\\/\\\/arcticlodge.nu\\\/wp-content\\\/uploads\\\/2020\\\/09\\\/snoig-AL.jpg\",\"contentUrl\":\"https:\\\/\\\/arcticlodge.nu\\\/wp-content\\\/uploads\\\/2020\\\/09\\\/snoig-AL.jpg\",\"width\":1024,\"height\":768},{\"@type\":\"BreadcrumbList\",\"@id\":\"https:\\\/\\\/arcticlodge.nu\\\/#breadcrumb\",\"itemListElement\":[{\"@type\":\"ListItem\",\"position\":1,\"name\":\"Hem\",\"item\":\"https:\\\/\\\/arcticlodge.nu\\\/\"},{\"@type\":\"ListItem\",\"position\":2,\"name\":\"Home\"}]},{\"@type\":\"WebSite\",\"@id\":\"https:\\\/\\\/arcticlodge.nu\\\/#website\",\"url\":\"https:\\\/\\\/arcticlodge.nu\\\/\",\"name\":\"Arctic Lodge\",\"description\":\"Boende Riksgr\u00e4nsen Katterjokk\",\"publisher\":{\"@id\":\"https:\\\/\\\/arcticlodge.nu\\\/#organization\"},\"potentialAction\":[{\"@type\":\"SearchAction\",\"target\":{\"@type\":\"EntryPoint\",\"urlTemplate\":\"https:\\\/\\\/arcticlodge.nu\\\/?s={search_term_string}\"},\"query-input\":{\"@type\":\"PropertyValueSpecification\",\"valueRequired\":true,\"valueName\":\"search_term_string\"}}],\"inLanguage\":\"en-US\"},{\"@type\":\"Organization\",\"@id\":\"https:\\\/\\\/arcticlodge.nu\\\/#organization\",\"name\":\"Arctic Lodge\",\"url\":\"https:\\\/\\\/arcticlodge.nu\\\/\",\"logo\":{\"@type\":\"ImageObject\",\"inLanguage\":\"en-US\",\"@id\":\"https:\\\/\\\/arcticlodge.nu\\\/#\\\/schema\\\/logo\\\/image\\\/\",\"url\":\"https:\\\/\\\/arcticlodge.nu\\\/wp-content\\\/uploads\\\/2020\\\/11\\\/logo__color.png\",\"contentUrl\":\"https:\\\/\\\/arcticlodge.nu\\\/wp-content\\\/uploads\\\/2020\\\/11\\\/logo__color.png\",\"width\":1600,\"height\":900,\"caption\":\"Arctic Lodge\"},\"image\":{\"@id\":\"https:\\\/\\\/arcticlodge.nu\\\/#\\\/schema\\\/logo\\\/image\\\/\"},\"sameAs\":[\"https:\\\/\\\/www.facebook.com\\\/arcticlodge\",\"https:\\\/\\\/www.instagram.com\\\/arctic_lodge\\\/\"]}]}<\/script>\n<!-- \/ Yoast SEO plugin. -->","yoast_head_json":{"title":"Accommodation in Riksgransen - Arctic Lodge is an apartment hotel","description":"Accommodation in Riksgransen - Arctic Lodge is an apartment hotel close to hiking trails and 5 minutes walk to the lift of Riksgr\u00e4nsen\u2019s ski system.","robots":{"index":"index","follow":"follow","max-snippet":"max-snippet:-1","max-image-preview":"max-image-preview:large","max-video-preview":"max-video-preview:-1"},"canonical":"https:\/\/arcticlodge.nu\/","og_locale":"en_US","og_type":"article","og_title":"Accommodation in Riksgransen - Arctic Lodge is an apartment hotel","og_description":"Accommodation in Riksgransen - Arctic Lodge is an apartment hotel close to hiking trails and 5 minutes walk to the lift of Riksgr\u00e4nsen\u2019s ski system.","og_url":"https:\/\/arcticlodge.nu\/","og_site_name":"Arctic Lodge","article_publisher":"https:\/\/www.facebook.com\/arcticlodge","article_modified_time":"2026-02-20T14:44:56+00:00","og_image":[{"url":"https:\/\/arcticlodge.nu\/wp-content\/uploads\/2020\/09\/snoig-AL-300x225.jpg","type":"","width":"","height":""}],"twitter_card":"summary_large_image","twitter_misc":{"Est. reading time":"4 minutes"},"schema":{"@context":"https:\/\/schema.org","@graph":[{"@type":"WebPage","@id":"https:\/\/arcticlodge.nu\/","url":"https:\/\/arcticlodge.nu\/","name":"Accommodation in Riksgransen - Arctic Lodge is an apartment hotel","isPartOf":{"@id":"https:\/\/arcticlodge.nu\/#website"},"primaryImageOfPage":{"@id":"https:\/\/arcticlodge.nu\/#primaryimage"},"image":{"@id":"https:\/\/arcticlodge.nu\/#primaryimage"},"thumbnailUrl":"https:\/\/arcticlodge.nu\/wp-content\/uploads\/2020\/09\/snoig-AL-300x225.jpg","datePublished":"2021-03-19T15:51:32+00:00","dateModified":"2026-02-20T14:44:56+00:00","description":"Accommodation in Riksgransen - Arctic Lodge is an apartment hotel close to hiking trails and 5 minutes walk to the lift of Riksgr\u00e4nsen\u2019s ski system.","breadcrumb":{"@id":"https:\/\/arcticlodge.nu\/#breadcrumb"},"inLanguage":"en-US","potentialAction":[{"@type":"ReadAction","target":["https:\/\/arcticlodge.nu\/"]}]},{"@type":"ImageObject","inLanguage":"en-US","@id":"https:\/\/arcticlodge.nu\/#primaryimage","url":"https:\/\/arcticlodge.nu\/wp-content\/uploads\/2020\/09\/snoig-AL.jpg","contentUrl":"https:\/\/arcticlodge.nu\/wp-content\/uploads\/2020\/09\/snoig-AL.jpg","width":1024,"height":768},{"@type":"BreadcrumbList","@id":"https:\/\/arcticlodge.nu\/#breadcrumb","itemListElement":[{"@type":"ListItem","position":1,"name":"Hem","item":"https:\/\/arcticlodge.nu\/"},{"@type":"ListItem","position":2,"name":"Home"}]},{"@type":"WebSite","@id":"https:\/\/arcticlodge.nu\/#website","url":"https:\/\/arcticlodge.nu\/","name":"Arctic Lodge","description":"Boende Riksgr\u00e4nsen Katterjokk","publisher":{"@id":"https:\/\/arcticlodge.nu\/#organization"},"potentialAction":[{"@type":"SearchAction","target":{"@type":"EntryPoint","urlTemplate":"https:\/\/arcticlodge.nu\/?s={search_term_string}"},"query-input":{"@type":"PropertyValueSpecification","valueRequired":true,"valueName":"search_term_string"}}],"inLanguage":"en-US"},{"@type":"Organization","@id":"https:\/\/arcticlodge.nu\/#organization","name":"Arctic Lodge","url":"https:\/\/arcticlodge.nu\/","logo":{"@type":"ImageObject","inLanguage":"en-US","@id":"https:\/\/arcticlodge.nu\/#\/schema\/logo\/image\/","url":"https:\/\/arcticlodge.nu\/wp-content\/uploads\/2020\/11\/logo__color.png","contentUrl":"https:\/\/arcticlodge.nu\/wp-content\/uploads\/2020\/11\/logo__color.png","width":1600,"height":900,"caption":"Arctic Lodge"},"image":{"@id":"https:\/\/arcticlodge.nu\/#\/schema\/logo\/image\/"},"sameAs":["https:\/\/www.facebook.com\/arcticlodge","https:\/\/www.instagram.com\/arctic_lodge\/"]}]}},"_links":{"self":[{"href":"https:\/\/arcticlodge.nu\/wp-json\/wp\/v2\/pages\/860","targetHints":{"allow":["GET"]}}],"collection":[{"href":"https:\/\/arcticlodge.nu\/wp-json\/wp\/v2\/pages"}],"about":[{"href":"https:\/\/arcticlodge.nu\/wp-json\/wp\/v2\/types\/page"}],"author":[{"embeddable":true,"href":"https:\/\/arcticlodge.nu\/wp-json\/wp\/v2\/users\/2"}],"replies":[{"embeddable":true,"href":"https:\/\/arcticlodge.nu\/wp-json\/wp\/v2\/comments?post=860"}],"version-history":[{"count":124,"href":"https:\/\/arcticlodge.nu\/wp-json\/wp\/v2\/pages\/860\/revisions"}],"predecessor-version":[{"id":1465,"href":"https:\/\/arcticlodge.nu\/wp-json\/wp\/v2\/pages\/860\/revisions\/1465"}],"wp:attachment":[{"href":"https:\/\/arcticlodge.nu\/wp-json\/wp\/v2\/media?parent=860"}],"curies":[{"name":"wp","href":"https:\/\/api.w.org\/{rel}","templated":true}]}}